{"id":10,"date":"2019-06-30T22:23:59","date_gmt":"2019-06-30T22:23:59","guid":{"rendered":"https:\/\/www.lipilodge.cl\/?page_id=10"},"modified":"2025-11-12T22:49:13","modified_gmt":"2025-11-13T01:49:13","slug":"10-2","status":"publish","type":"page","link":"https:\/\/www.lipilodge.cl\/","title":{"rendered":"Inicio"},"content":{"rendered":"[vc_row type=\u00bbfull_width_background\u00bb full_screen_row_position=\u00bbmiddle\u00bb bg_image=\u00bb20&#8243; bg_position=\u00bbleft top\u00bb bg_repeat=\u00bbno-repeat\u00bb bg_color=\u00bb#333333&#8243; scene_position=\u00bbcenter\u00bb video_bg=\u00bbuse_video\u00bb text_color=\u00bblight\u00bb text_align=\u00bbleft\u00bb top_padding=\u00bb5%\u00bb bottom_padding=\u00bb15%\u00bb color_overlay=\u00bb#0a0a0a\u00bb overlay_strength=\u00bb0.5&#8243; shape_divider_position=\u00bbbottom\u00bb bg_image_animation=\u00bbnone\u00bb parallax_bg=\u00bbtrue\u00bb parallax_bg_speed=\u00bbfast\u00bb video_mute=\u00bbtrue\u00bb shape_type=\u00bb\u00bb][vc_column column_padding=\u00bbno-extra-padding\u00bb column_padding_position=\u00bball\u00bb background_color_opacity=\u00bb1&#8243; background_hover_color_opacity=\u00bb1&#8243; column_link_target=\u00bb_self\u00bb column_shadow=\u00bbnone\u00bb column_border_radius=\u00bbnone\u00bb width=\u00bb2\/3&#8243; tablet_width_inherit=\u00bbdefault\u00bb tablet_text_alignment=\u00bbdefault\u00bb phone_text_alignment=\u00bbdefault\u00bb column_border_width=\u00bbnone\u00bb column_border_style=\u00bbsolid\u00bb bg_image_animation=\u00bbnone\u00bb][vc_custom_heading text=\u00bbBienvenidos\u00bb font_container=\u00bbtag:h1|text_align:left|color:rgba(255%2C255%2C255%2C0.74)\u00bb use_theme_fonts=\u00bbyes\u00bb css_animation=\u00bbfadeInUp\u00bb][split_line_heading]\n<h2>A nuestro lodge para poder descansar y reponer energ\u00edas en un ambiente costero y campestre<\/h2>\n[\/split_line_heading][split_line_heading]\n<h3>Piscina Temperada de Octubre a Marzo<\/h3>\n[\/split_line_heading][vc_row_inner column_margin=\u00bbdefault\u00bb text_align=\u00bbleft\u00bb][vc_column_inner column_padding=\u00bbno-extra-padding\u00bb column_padding_position=\u00bball\u00bb background_color_opacity=\u00bb1&#8243; background_hover_color_opacity=\u00bb1&#8243; column_shadow=\u00bbnone\u00bb column_border_radius=\u00bbnone\u00bb column_link_target=\u00bb_self\u00bb width=\u00bb5\/6&#8243; tablet_width_inherit=\u00bbdefault\u00bb column_border_width=\u00bbnone\u00bb column_border_style=\u00bbsolid\u00bb bg_image_animation=\u00bbnone\u00bb enable_animation=\u00bbtrue\u00bb animation=\u00bbfade-in-from-bottom\u00bb delay=\u00bb300&#8243;][vc_custom_heading text=\u00bbEstamos ubicados en la costa de Vichuq\u00faen, s\u00e9ptima regi\u00f3n del Maule, un lugar donde se mezcla la magia de nuestra costa con el campo chileno. Con playas kilom\u00e9tricas de arena gris, campos, monta\u00f1as y lagos, es un entorno que llama a la tranquilidad y a disfrutar del descanso, con paseos inolvidables y una gastronom\u00eda reconocida junto a los famosos vinos producidos en los valles de Curic\u00f3.<\/p>\n<p>Para mostrar nuestro compromiso con el medio ambiente, nuestro complejo se encuentra alimentado 100% con energ\u00eda solar.\u00bb font_container=\u00bbtag:p|text_align:left|color:rgba(255%2C255%2C255%2C0.81)\u00bb use_theme_fonts=\u00bbyes\u00bb][nectar_btn size=\u00bblarge\u00bb open_new_tab=\u00bbtrue\u00bb button_style=\u00bbregular-tilt\u00bb button_color=\u00bbExtra-Color-1&#8243; icon_family=\u00bbnone\u00bb url=\u00bbhttps:\/\/emoncms.org\/dashboard\/view?id=60774&amp;embed=1&amp;apikey=eb5e183fca1a3fde63e30ba1fdf4bc58&#8243; text=\u00bbVer Energ\u00eda Solar\u00bb][\/vc_column_inner][vc_column_inner column_padding=\u00bbno-extra-padding\u00bb column_padding_position=\u00bball\u00bb background_color_opacity=\u00bb1&#8243; background_hover_color_opacity=\u00bb1&#8243; column_shadow=\u00bbnone\u00bb column_border_radius=\u00bbnone\u00bb column_link_target=\u00bb_self\u00bb width=\u00bb1\/6&#8243; tablet_width_inherit=\u00bbdefault\u00bb column_border_width=\u00bbnone\u00bb column_border_style=\u00bbsolid\u00bb bg_image_animation=\u00bbnone\u00bb][\/vc_column_inner][\/vc_row_inner][\/vc_column][vc_column column_padding=\u00bbno-extra-padding\u00bb column_padding_position=\u00bball\u00bb background_color_opacity=\u00bb1&#8243; background_hover_color_opacity=\u00bb1&#8243; column_link_target=\u00bb_self\u00bb column_shadow=\u00bbnone\u00bb column_border_radius=\u00bbnone\u00bb width=\u00bb1\/3&#8243; tablet_width_inherit=\u00bbdefault\u00bb tablet_text_alignment=\u00bbdefault\u00bb phone_text_alignment=\u00bbdefault\u00bb column_border_width=\u00bbnone\u00bb column_border_style=\u00bbsolid\u00bb bg_image_animation=\u00bbnone\u00bb][\/vc_column][\/vc_row]\n","protected":false},"excerpt":{"rendered":"<p>[vc_row type=\u00bbfull_width_background\u00bb full_screen_row_position=\u00bbmiddle\u00bb bg_image=\u00bb20&#8243; bg_position=\u00bbleft top\u00bb bg_repeat=\u00bbno-repeat\u00bb bg_color=\u00bb#333333&#8243; scene_position=\u00bbcenter\u00bb video_bg=\u00bbuse_video\u00bb text_color=\u00bblight\u00bb text_align=\u00bbleft\u00bb top_padding=\u00bb5%\u00bb bottom_padding=\u00bb15%\u00bb color_overlay=\u00bb#0a0a0a\u00bb overlay_strength=\u00bb0.5&#8243; shape_divider_position=\u00bbbottom\u00bb bg_image_animation=\u00bbnone\u00bb parallax_bg=\u00bbtrue\u00bb parallax_bg_speed=\u00bbfast\u00bb video_mute=\u00bbtrue\u00bb shape_type=\u00bb\u00bb][vc_column column_padding=\u00bbno-extra-padding\u00bb column_padding_position=\u00bball\u00bb background_color_opacity=\u00bb1&#8243; background_hover_color_opacity=\u00bb1&#8243; column_link_target=\u00bb_self\u00bb column_shadow=\u00bbnone\u00bb column_border_radius=\u00bbnone\u00bb width=\u00bb2\/3&#8243;&#8230;<\/p>\n","protected":false},"author":1,"featured_media":0,"parent":0,"menu_order":0,"comment_status":"closed","ping_status":"closed","template":"","meta":[],"yst_prominent_words":[],"_links":{"self":[{"href":"https:\/\/www.lipilodge.cl\/index.php\/wp-json\/wp\/v2\/pages\/10"}],"collection":[{"href":"https:\/\/www.lipilodge.cl\/index.php\/wp-json\/wp\/v2\/pages"}],"about":[{"href":"https:\/\/www.lipilodge.cl\/index.php\/wp-json\/wp\/v2\/types\/page"}],"author":[{"embeddable":true,"href":"https:\/\/www.lipilodge.cl\/index.php\/wp-json\/wp\/v2\/users\/1"}],"replies":[{"embeddable":true,"href":"https:\/\/www.lipilodge.cl\/index.php\/wp-json\/wp\/v2\/comments?post=10"}],"version-history":[{"count":36,"href":"https:\/\/www.lipilodge.cl\/index.php\/wp-json\/wp\/v2\/pages\/10\/revisions"}],"predecessor-version":[{"id":192,"href":"https:\/\/www.lipilodge.cl\/index.php\/wp-json\/wp\/v2\/pages\/10\/revisions\/192"}],"wp:attachment":[{"href":"https:\/\/www.lipilodge.cl\/index.php\/wp-json\/wp\/v2\/media?parent=10"}],"wp:term":[{"taxonomy":"yst_prominent_words","embeddable":true,"href":"https:\/\/www.lipilodge.cl\/index.php\/wp-json\/wp\/v2\/yst_prominent_words?post=10"}],"curies":[{"name":"wp","href":"https:\/\/api.w.org\/{rel}","templated":true}]}}