{"id":54,"date":"2019-07-03T20:58:52","date_gmt":"2019-07-04T00:58:52","guid":{"rendered":"https:\/\/www.lipilodge.cl\/?page_id=54"},"modified":"2019-07-27T17:11:09","modified_gmt":"2019-07-27T21:11:09","slug":"cabanas","status":"publish","type":"page","link":"https:\/\/www.lipilodge.cl\/index.php\/cabanas\/","title":{"rendered":"Caba\u00f1as"},"content":{"rendered":"[vc_row type=\u00bbfull_width_content\u00bb full_screen_row_position=\u00bbmiddle\u00bb equal_height=\u00bbyes\u00bb content_placement=\u00bbmiddle\u00bb full_height=\u00bbyes\u00bb columns_placement=\u00bbstretch\u00bb scene_position=\u00bbcenter\u00bb text_color=\u00bbdark\u00bb text_align=\u00bbleft\u00bb id=\u00bbcabanas\u00bb overlay_strength=\u00bb0.3&#8243; shape_divider_position=\u00bbbottom\u00bb bg_image_animation=\u00bbnone\u00bb shape_type=\u00bb\u00bb][vc_column column_padding=\u00bbno-extra-padding\u00bb column_padding_position=\u00bball\u00bb background_color_opacity=\u00bb1&#8243; background_hover_color_opacity=\u00bb1&#8243; background_image=\u00bb25&#8243; column_link_target=\u00bb_self\u00bb column_shadow=\u00bbnone\u00bb column_border_radius=\u00bbnone\u00bb width=\u00bb1\/2&#8243; tablet_width_inherit=\u00bbdefault\u00bb tablet_text_alignment=\u00bbdefault\u00bb phone_text_alignment=\u00bbdefault\u00bb column_border_width=\u00bbnone\u00bb column_border_style=\u00bbsolid\u00bb bg_image_animation=\u00bbnone\u00bb][divider line_type=\u00bbNo Line\u00bb custom_height=\u00bb500&#8243;][\/vc_column][vc_column column_padding=\u00bbpadding-8-percent\u00bb column_padding_position=\u00bball\u00bb background_color=\u00bb#ffffff\u00bb background_color_opacity=\u00bb1&#8243; background_hover_color_opacity=\u00bb1&#8243; column_link_target=\u00bb_self\u00bb column_shadow=\u00bbnone\u00bb column_border_radius=\u00bbnone\u00bb width=\u00bb1\/2&#8243; tablet_width_inherit=\u00bbdefault\u00bb tablet_text_alignment=\u00bbdefault\u00bb phone_text_alignment=\u00bbdefault\u00bb column_border_width=\u00bbnone\u00bb column_border_style=\u00bbsolid\u00bb bg_image_animation=\u00bbnone\u00bb][vc_custom_heading text=\u00bbCABA\u00d1AS\u00bb font_container=\u00bbtag:h2|font_size:42|text_align:left|line_height:52px\u00bb use_theme_fonts=\u00bbyes\u00bb][vc_column_text css=\u00bb.vc_custom_1563055061909{margin-top: 30px !important;margin-bottom: 30px !important;}\u00bb]\n<p class=\"western\" lang=\"es-CL\">Nuestras caba\u00f1as est\u00e1n construidas y decoradas con el m\u00e1s alto standard de calidad y calidez como no encontrar\u00e1 en esta zona. Todos los detalles han sido pensados para brindarle confort como si estuviera en un hotel de lujo.<\/p>\n<p class=\"western\" lang=\"es-CL\">Cada caba\u00f1a es de dos dormitorios y dos ba\u00f1os, cocina americana y living comedor, dise\u00f1adas para 5 personas y habilitables para 6 personas tambi\u00e9n. En su exterior encontrar\u00e1 una acogedora terraza con mobiliario adecuado para disfrutar de la agradable brisa marina y un quincho privado para sus asados en familia o con sus amistades.<\/p>\n[\/vc_column_text][nectar_cta btn_style=\u00bbsee-through\u00bb heading_tag=\u00bbh5&#8243; text_color=\u00bb#2f4eff\u00bb link_type=\u00bbregular\u00bb alignment=\u00bbleft\u00bb link_text=\u00bbCont\u00e1ctenos\u00bb url=\u00bbhttps:\/\/www.lipilodge.cl\/index.php\/contactenos\/\u00bb][\/vc_column][\/vc_row]\n","protected":false},"excerpt":{"rendered":"<p>[vc_row type=\u00bbfull_width_content\u00bb full_screen_row_position=\u00bbmiddle\u00bb equal_height=\u00bbyes\u00bb content_placement=\u00bbmiddle\u00bb full_height=\u00bbyes\u00bb columns_placement=\u00bbstretch\u00bb scene_position=\u00bbcenter\u00bb text_color=\u00bbdark\u00bb text_align=\u00bbleft\u00bb id=\u00bbcabanas\u00bb overlay_strength=\u00bb0.3&#8243; shape_divider_position=\u00bbbottom\u00bb bg_image_animation=\u00bbnone\u00bb shape_type=\u00bb\u00bb][vc_column column_padding=\u00bbno-extra-padding\u00bb column_padding_position=\u00bball\u00bb background_color_opacity=\u00bb1&#8243; background_hover_color_opacity=\u00bb1&#8243; background_image=\u00bb25&#8243; column_link_target=\u00bb_self\u00bb column_shadow=\u00bbnone\u00bb column_border_radius=\u00bbnone\u00bb width=\u00bb1\/2&#8243; tablet_width_inherit=\u00bbdefault\u00bb tablet_text_alignment=\u00bbdefault\u00bb phone_text_alignment=\u00bbdefault\u00bb column_border_width=\u00bbnone\u00bb column_border_style=\u00bbsolid\u00bb bg_image_animation=\u00bbnone\u00bb][divider&#8230;<\/p>\n","protected":false},"author":1,"featured_media":0,"parent":0,"menu_order":0,"comment_status":"closed","ping_status":"closed","template":"","meta":[],"yst_prominent_words":[3],"_links":{"self":[{"href":"https:\/\/www.lipilodge.cl\/index.php\/wp-json\/wp\/v2\/pages\/54"}],"collection":[{"href":"https:\/\/www.lipilodge.cl\/index.php\/wp-json\/wp\/v2\/pages"}],"about":[{"href":"https:\/\/www.lipilodge.cl\/index.php\/wp-json\/wp\/v2\/types\/page"}],"author":[{"embeddable":true,"href":"https:\/\/www.lipilodge.cl\/index.php\/wp-json\/wp\/v2\/users\/1"}],"replies":[{"embeddable":true,"href":"https:\/\/www.lipilodge.cl\/index.php\/wp-json\/wp\/v2\/comments?post=54"}],"version-history":[{"count":4,"href":"https:\/\/www.lipilodge.cl\/index.php\/wp-json\/wp\/v2\/pages\/54\/revisions"}],"predecessor-version":[{"id":76,"href":"https:\/\/www.lipilodge.cl\/index.php\/wp-json\/wp\/v2\/pages\/54\/revisions\/76"}],"wp:attachment":[{"href":"https:\/\/www.lipilodge.cl\/index.php\/wp-json\/wp\/v2\/media?parent=54"}],"wp:term":[{"taxonomy":"yst_prominent_words","embeddable":true,"href":"https:\/\/www.lipilodge.cl\/index.php\/wp-json\/wp\/v2\/yst_prominent_words?post=54"}],"curies":[{"name":"wp","href":"https:\/\/api.w.org\/{rel}","templated":true}]}}