{"id":56,"date":"2019-07-03T21:00:57","date_gmt":"2019-07-04T01:00:57","guid":{"rendered":"https:\/\/www.lipilodge.cl\/?page_id=56"},"modified":"2025-11-27T18:15:51","modified_gmt":"2025-11-27T21:15:51","slug":"equipamentos","status":"publish","type":"page","link":"https:\/\/www.lipilodge.cl\/index.php\/equipamentos\/","title":{"rendered":"Instalaciones"},"content":{"rendered":"[vc_row type=\u00bbfull_width_content\u00bb full_screen_row_position=\u00bbmiddle\u00bb scene_position=\u00bbcenter\u00bb text_color=\u00bbdark\u00bb text_align=\u00bbleft\u00bb id=\u00bbequipamento\u00bb overlay_strength=\u00bb0.3&#8243; shape_divider_position=\u00bbbottom\u00bb bg_image_animation=\u00bbnone\u00bb shape_type=\u00bb\u00bb][vc_column column_padding=\u00bbno-extra-padding\u00bb column_padding_position=\u00bball\u00bb background_color_opacity=\u00bb1&#8243; background_hover_color_opacity=\u00bb1&#8243; column_link_target=\u00bb_self\u00bb column_shadow=\u00bbnone\u00bb column_border_radius=\u00bbnone\u00bb width=\u00bb1\/1&#8243; tablet_width_inherit=\u00bbdefault\u00bb tablet_text_alignment=\u00bbdefault\u00bb phone_text_alignment=\u00bbdefault\u00bb column_border_width=\u00bbnone\u00bb column_border_style=\u00bbsolid\u00bb bg_image_animation=\u00bbnone\u00bb][vc_row_inner column_margin=\u00bbdefault\u00bb text_align=\u00bbleft\u00bb][vc_column_inner column_padding=\u00bbno-extra-padding\u00bb column_padding_position=\u00bball\u00bb background_color_opacity=\u00bb1&#8243; background_hover_color_opacity=\u00bb1&#8243; column_shadow=\u00bbnone\u00bb column_border_radius=\u00bbnone\u00bb column_link_target=\u00bb_self\u00bb width=\u00bb1\/3&#8243; tablet_width_inherit=\u00bbdefault\u00bb column_border_width=\u00bbnone\u00bb column_border_style=\u00bbsolid\u00bb bg_image_animation=\u00bbnone\u00bb][fancy_box box_style=\u00bbparallax_hover\u00bb icon_family=\u00bbiconsmind\u00bb image_url=\u00bb135&#8243; color_scheme=\u00bbdark\u00bb secondary_content=\u00bbhere&#8217;s some awesome text that would only be shown on hover\u00bb icon_iconsmind=\u00bbiconsmind-Summer\u00bb min_height=\u00bb600&#8243;]\n<h2 class=\"western\" lang=\"es-CL\"><b>Piscina Temperada<\/b><\/h2>\n<p class=\"western\" lang=\"es-CL\">Nuestra piscina complementar\u00e1 su estad\u00eda con la refrescante experiencia de sus aguas, ubicada en un lugar que le otorgar\u00e1 privacidad y tranquilidad. Y para que su disfrute no s\u00f3lo se limite a d\u00edas soleados o a la calidez del d\u00eda, nuestra piscina se encuentra temperada para una agradable sensaci\u00f3n al sumergirse en ella.<\/p>\n[\/fancy_box][\/vc_column_inner][vc_column_inner column_padding=\u00bbno-extra-padding\u00bb column_padding_position=\u00bball\u00bb background_color_opacity=\u00bb1&#8243; background_hover_color_opacity=\u00bb1&#8243; column_shadow=\u00bbnone\u00bb column_border_radius=\u00bbnone\u00bb column_link_target=\u00bb_self\u00bb width=\u00bb1\/3&#8243; tablet_width_inherit=\u00bbdefault\u00bb column_border_width=\u00bbnone\u00bb column_border_style=\u00bbsolid\u00bb bg_image_animation=\u00bbnone\u00bb][fancy_box box_style=\u00bbparallax_hover\u00bb icon_family=\u00bbiconsmind\u00bb image_url=\u00bb30&#8243; color_scheme=\u00bbdark\u00bb secondary_content=\u00bb\u00bb icon_iconsmind=\u00bbiconsmind-Coffee\u00bb min_height=\u00bb600&#8243;]\n<h2 class=\"western\" lang=\"es-CL\"><b>Lounge comedor<\/b><\/h2>\n<p class=\"western\" lang=\"es-CL\">Nuestras instalaciones consideran para su inolvidable estad\u00eda un sal\u00f3n comedor, lounge y bar, el cual podr\u00e1 arrendar previa coordinaci\u00f3n con la administraci\u00f3n, as\u00ed usted y familia o amistades podr\u00e1n tener un lugar m\u00e1s amplio para compartir y entretenerse.<\/p>\n[\/fancy_box][\/vc_column_inner][vc_column_inner column_padding=\u00bbno-extra-padding\u00bb column_padding_position=\u00bball\u00bb background_color_opacity=\u00bb1&#8243; background_hover_color_opacity=\u00bb1&#8243; column_shadow=\u00bbnone\u00bb column_border_radius=\u00bbnone\u00bb column_link_target=\u00bb_self\u00bb width=\u00bb1\/3&#8243; tablet_width_inherit=\u00bbdefault\u00bb column_border_width=\u00bbnone\u00bb column_border_style=\u00bbsolid\u00bb bg_image_animation=\u00bbnone\u00bb][fancy_box box_style=\u00bbparallax_hover\u00bb icon_family=\u00bbiconsmind\u00bb image_url=\u00bb31&#8243; color_scheme=\u00bbdark\u00bb secondary_content=\u00bbhere&#8217;s some awesome text that would only be shown on hover\u00bb link_url=\u00bb#\u00bb icon_iconsmind=\u00bbiconsmind-Cauldron\u00bb min_height=\u00bb600&#8243;]\n<h2 class=\"western\" lang=\"es-CL\"><b>Quincho<\/b><\/h2>\n<p class=\"western\" lang=\"es-CL\">Tenemos un quincho adicional e independiente a los de cada caba\u00f1a, este es m\u00e1s grande y se encuentra al lado de nuestro comedor, lounge y bar, con acceso directo a la zona de piscina, para celebraciones y eventos en que se requiera de mayor espacio o parrilla m\u00e1s grande con espiedo. Para su arriendo favor contactar a la administraci\u00f3n.<\/p>\n[\/fancy_box][\/vc_column_inner][\/vc_row_inner][\/vc_column][\/vc_row]\n","protected":false},"excerpt":{"rendered":"<p>[vc_row type=\u00bbfull_width_content\u00bb full_screen_row_position=\u00bbmiddle\u00bb scene_position=\u00bbcenter\u00bb text_color=\u00bbdark\u00bb text_align=\u00bbleft\u00bb id=\u00bbequipamento\u00bb overlay_strength=\u00bb0.3&#8243; shape_divider_position=\u00bbbottom\u00bb bg_image_animation=\u00bbnone\u00bb shape_type=\u00bb\u00bb][vc_column column_padding=\u00bbno-extra-padding\u00bb column_padding_position=\u00bball\u00bb background_color_opacity=\u00bb1&#8243; background_hover_color_opacity=\u00bb1&#8243; column_link_target=\u00bb_self\u00bb column_shadow=\u00bbnone\u00bb column_border_radius=\u00bbnone\u00bb width=\u00bb1\/1&#8243; tablet_width_inherit=\u00bbdefault\u00bb tablet_text_alignment=\u00bbdefault\u00bb phone_text_alignment=\u00bbdefault\u00bb column_border_width=\u00bbnone\u00bb column_border_style=\u00bbsolid\u00bb bg_image_animation=\u00bbnone\u00bb][vc_row_inner column_margin=\u00bbdefault\u00bb text_align=\u00bbleft\u00bb][vc_column_inner column_padding=\u00bbno-extra-padding\u00bb column_padding_position=\u00bball\u00bb background_color_opacity=\u00bb1&#8243;&#8230;<\/p>\n","protected":false},"author":1,"featured_media":0,"parent":0,"menu_order":0,"comment_status":"closed","ping_status":"closed","template":"","meta":[],"yst_prominent_words":[],"_links":{"self":[{"href":"https:\/\/www.lipilodge.cl\/index.php\/wp-json\/wp\/v2\/pages\/56"}],"collection":[{"href":"https:\/\/www.lipilodge.cl\/index.php\/wp-json\/wp\/v2\/pages"}],"about":[{"href":"https:\/\/www.lipilodge.cl\/index.php\/wp-json\/wp\/v2\/types\/page"}],"author":[{"embeddable":true,"href":"https:\/\/www.lipilodge.cl\/index.php\/wp-json\/wp\/v2\/users\/1"}],"replies":[{"embeddable":true,"href":"https:\/\/www.lipilodge.cl\/index.php\/wp-json\/wp\/v2\/comments?post=56"}],"version-history":[{"count":5,"href":"https:\/\/www.lipilodge.cl\/index.php\/wp-json\/wp\/v2\/pages\/56\/revisions"}],"predecessor-version":[{"id":196,"href":"https:\/\/www.lipilodge.cl\/index.php\/wp-json\/wp\/v2\/pages\/56\/revisions\/196"}],"wp:attachment":[{"href":"https:\/\/www.lipilodge.cl\/index.php\/wp-json\/wp\/v2\/media?parent=56"}],"wp:term":[{"taxonomy":"yst_prominent_words","embeddable":true,"href":"https:\/\/www.lipilodge.cl\/index.php\/wp-json\/wp\/v2\/yst_prominent_words?post=56"}],"curies":[{"name":"wp","href":"https:\/\/api.w.org\/{rel}","templated":true}]}}