{"id":58,"date":"2019-07-03T21:02:41","date_gmt":"2019-07-04T01:02:41","guid":{"rendered":"https:\/\/www.lipilodge.cl\/?page_id=58"},"modified":"2025-11-12T23:20:35","modified_gmt":"2025-11-13T02:20:35","slug":"servicios","status":"publish","type":"page","link":"https:\/\/www.lipilodge.cl\/index.php\/servicios\/","title":{"rendered":"Actividades"},"content":{"rendered":"[vc_row type=\u00bbfull_width_content\u00bb full_screen_row_position=\u00bbmiddle\u00bb equal_height=\u00bbyes\u00bb content_placement=\u00bbmiddle\u00bb full_height=\u00bbyes\u00bb columns_placement=\u00bbstretch\u00bb scene_position=\u00bbcenter\u00bb text_color=\u00bbdark\u00bb text_align=\u00bbleft\u00bb id=\u00bbservicios\u00bb overlay_strength=\u00bb0.3&#8243; shape_divider_position=\u00bbbottom\u00bb bg_image_animation=\u00bbnone\u00bb shape_type=\u00bb\u00bb][vc_column column_padding=\u00bbpadding-8-percent\u00bb column_padding_position=\u00bball\u00bb background_color=\u00bb#ffffff\u00bb background_color_opacity=\u00bb1&#8243; background_hover_color_opacity=\u00bb1&#8243; column_link_target=\u00bb_self\u00bb column_shadow=\u00bbnone\u00bb column_border_radius=\u00bbnone\u00bb width=\u00bb1\/2&#8243; tablet_width_inherit=\u00bbdefault\u00bb tablet_text_alignment=\u00bbdefault\u00bb phone_text_alignment=\u00bbdefault\u00bb column_border_width=\u00bbnone\u00bb column_border_style=\u00bbsolid\u00bb bg_image_animation=\u00bbnone\u00bb][vc_custom_heading text=\u00bbReuniones y celebraciones\u00bb font_container=\u00bbtag:h2|font_size:42|text_align:left|line_height:52px\u00bb use_theme_fonts=\u00bbyes\u00bb][vc_column_text css=\u00bb.vc_custom_1563055506851{margin-top: 30px !important;margin-bottom: 30px !important;}\u00bb]\n<p class=\"western\" lang=\"es-CL\">Para celebraciones o eventos tenemos disponibles para arriendo nuestro sal\u00f3n comedor, bar y lounge, colindantes al quincho mayor y a la zona de piscina, con lo cual configuramos un gran ambiente para tener una inolvidable celebraci\u00f3n, la realizaci\u00f3n de un evento con gran estilo o un asado espectacular con todas las comodidades del recinto.<\/p>\n[\/vc_column_text][nectar_cta btn_style=\u00bbsee-through\u00bb heading_tag=\u00bbh5&#8243; text_color=\u00bb#2f4eff\u00bb link_type=\u00bbregular\u00bb alignment=\u00bbleft\u00bb link_text=\u00bbCont\u00e1ctenos\u00bb url=\u00bbhttps:\/\/www.lipilodge.cl\/index.php\/contactenos\/\u00bb][\/vc_column][vc_column column_padding=\u00bbno-extra-padding\u00bb column_padding_position=\u00bball\u00bb background_color_opacity=\u00bb1&#8243; background_hover_color_opacity=\u00bb1&#8243; background_image=\u00bb133&#8243; column_link_target=\u00bb_self\u00bb column_shadow=\u00bbnone\u00bb column_border_radius=\u00bbnone\u00bb width=\u00bb1\/2&#8243; tablet_width_inherit=\u00bbdefault\u00bb tablet_text_alignment=\u00bbdefault\u00bb phone_text_alignment=\u00bbdefault\u00bb column_border_width=\u00bbnone\u00bb column_border_style=\u00bbsolid\u00bb bg_image_animation=\u00bbnone\u00bb][divider line_type=\u00bbNo Line\u00bb custom_height=\u00bb500&#8243;][\/vc_column][\/vc_row][vc_row type=\u00bbfull_width_content\u00bb full_screen_row_position=\u00bbmiddle\u00bb equal_height=\u00bbyes\u00bb content_placement=\u00bbmiddle\u00bb full_height=\u00bbyes\u00bb columns_placement=\u00bbstretch\u00bb scene_position=\u00bbcenter\u00bb text_color=\u00bbdark\u00bb text_align=\u00bbleft\u00bb id=\u00bbservicios\u00bb overlay_strength=\u00bb0.3&#8243; shape_divider_position=\u00bbbottom\u00bb bg_image_animation=\u00bbnone\u00bb shape_type=\u00bb\u00bb][vc_column column_padding=\u00bbno-extra-padding\u00bb column_padding_position=\u00bball\u00bb background_color_opacity=\u00bb1&#8243; background_hover_color_opacity=\u00bb1&#8243; background_image=\u00bb99&#8243; column_link_target=\u00bb_self\u00bb column_shadow=\u00bbnone\u00bb column_border_radius=\u00bbnone\u00bb width=\u00bb1\/2&#8243; tablet_width_inherit=\u00bbdefault\u00bb tablet_text_alignment=\u00bbdefault\u00bb phone_text_alignment=\u00bbdefault\u00bb column_border_width=\u00bbnone\u00bb column_border_style=\u00bbsolid\u00bb bg_image_animation=\u00bbnone\u00bb][divider line_type=\u00bbNo Line\u00bb custom_height=\u00bb500&#8243;][\/vc_column][vc_column column_padding=\u00bbpadding-8-percent\u00bb column_padding_position=\u00bball\u00bb background_color=\u00bb#ffffff\u00bb background_color_opacity=\u00bb1&#8243; background_hover_color_opacity=\u00bb1&#8243; column_link_target=\u00bb_self\u00bb column_shadow=\u00bbnone\u00bb column_border_radius=\u00bbnone\u00bb width=\u00bb1\/2&#8243; tablet_width_inherit=\u00bbdefault\u00bb tablet_text_alignment=\u00bbdefault\u00bb phone_text_alignment=\u00bbdefault\u00bb column_border_width=\u00bbnone\u00bb column_border_style=\u00bbsolid\u00bb bg_image_animation=\u00bbnone\u00bb][vc_column_text css=\u00bb.vc_custom_1763000425504{margin-top: 30px !important;margin-bottom: 30px !important;}\u00bb]\n<p class=\"western\" lang=\"es-CL\">Nuestras instalaciones cuentan en el quincho principal con una gran parrilla para asados o carnes a la espada, con un tradicional horno de barro y adem\u00e1s con una cocina a gas.<\/p>\n<p>En el sal\u00f3n tenemos una gran barra bar, junto a mesas y un c\u00f3modo y amplio living, con sus respectivos servicios higi\u00e9nicos separados para damas y varones.<\/p>\n<p>El arriendo es para un m\u00e1ximo de 25 personas.[\/vc_column_text][nectar_cta btn_style=\u00bbsee-through\u00bb heading_tag=\u00bbh5&#8243; text_color=\u00bb#2f4eff\u00bb link_type=\u00bbregular\u00bb alignment=\u00bbleft\u00bb link_text=\u00bbCont\u00e1ctenos\u00bb url=\u00bbhttps:\/\/www.lipilodge.cl\/index.php\/contactenos\/\u00bb][\/vc_column][\/vc_row][vc_row type=\u00bbfull_width_content\u00bb full_screen_row_position=\u00bbmiddle\u00bb equal_height=\u00bbyes\u00bb content_placement=\u00bbmiddle\u00bb full_height=\u00bbyes\u00bb columns_placement=\u00bbstretch\u00bb scene_position=\u00bbcenter\u00bb text_color=\u00bbdark\u00bb text_align=\u00bbleft\u00bb overlay_strength=\u00bb0.3&#8243; shape_divider_position=\u00bbbottom\u00bb bg_image_animation=\u00bbnone\u00bb][vc_column column_padding=\u00bbpadding-8-percent\u00bb column_padding_position=\u00bball\u00bb background_color=\u00bb#ffffff\u00bb background_color_opacity=\u00bb1&#8243; background_hover_color_opacity=\u00bb1&#8243; column_link_target=\u00bb_self\u00bb column_shadow=\u00bbnone\u00bb column_border_radius=\u00bbnone\u00bb width=\u00bb1\/2&#8243; tablet_width_inherit=\u00bbdefault\u00bb tablet_text_alignment=\u00bbdefault\u00bb phone_text_alignment=\u00bbdefault\u00bb column_border_width=\u00bbnone\u00bb column_border_style=\u00bbsolid\u00bb bg_image_animation=\u00bbnone\u00bb][vc_custom_heading text=\u00bbActividades y turismo\u00bb font_container=\u00bbtag:h2|font_size:42|text_align:left|line_height:52px\u00bb use_theme_fonts=\u00bbyes\u00bb][vc_column_text css=\u00bb.vc_custom_1563056202636{margin-top: 30px !important;margin-bottom: 30px !important;}\u00bb]\n<p class=\"western\" lang=\"es-CL\">Nuestra costa maulina es ya famosa por la gran diversidad de actividades recreacionales y tur\u00edsticas, as\u00ed como por su numerosa y variada oferta gastron\u00f3mica. Se pueden realizar largas y relajantes caminatas por nuestra kilom\u00e9trica playa o cabalgatas por la misma. Sino caminando se pueden acceder a algunos de los restaurantes de Lipim\u00e1vida o a tiendas de artesan\u00eda donde se venden las famosas mantas y art\u00edculos de lana o las ya exportadas papayas en sus diversas preparaciones. A un par de minutos en auto est\u00e1 Iloca con su bullante actividad veraniega. A\u00fan m\u00e1s cerca se encuentra la caleta de Duao donde se pueden comprar pescados y mariscos directamente en los botes que vienen llegando y su conocido mercado de mariscos para deleitarse con las degustaciones de productos del mar, ambas localidades con gran cantidad de restaurantes donde probar las preparaciones locales.<\/p>\n<p class=\"western\" lang=\"es-CL\">Tambi\u00e9n se puede ir a visitar el lago Vichuqu\u00e9n con su hermosa ribera rodeada de bosques y el pueblito de Vichuqu\u00e9n famoso por su arquitectura colonial y su artesan\u00eda en greda. En la misma zona est\u00e1 la reserva de Laguna Torca donde se puede realizar avistamientos de aves, caminando por sus pasarelas de madera que permiten adentrarse en la laguna entre totoras y coipos. Muy cerca est\u00e1 la caleta de Llico con su bella playa y restaurantes que se han ganado un prestigio por sus recetas sabrosas.<\/p>\n<p class=\"western\" lang=\"es-CL\">Si desea hacer paseos un poco m\u00e1s largos puede ir hacia el norte de Llico a las salinas de Boyeruca, con su antiqu\u00edsimo m\u00e9todo de extracci\u00f3n de sal de mar, o yendo al sur de Iloca puede visitar las dunas de Put\u00fa y un poco m\u00e1s all\u00e1 llegar a Constituci\u00f3n con sus hermosas formaciones rocosas en su costa y excelente oferta gastron\u00f3mica.<\/p>\n[\/vc_column_text][nectar_cta btn_style=\u00bbsee-through\u00bb heading_tag=\u00bbh5&#8243; text_color=\u00bb#2f4eff\u00bb link_type=\u00bbregular\u00bb alignment=\u00bbleft\u00bb link_text=\u00bbCont\u00e1ctenos\u00bb url=\u00bbhttps:\/\/www.lipilodge.cl\/index.php\/contactenos\/\u00bb][\/vc_column][vc_column column_padding=\u00bbno-extra-padding\u00bb column_padding_position=\u00bball\u00bb background_color_opacity=\u00bb1&#8243; background_hover_color_opacity=\u00bb1&#8243; background_image=\u00bb131&#8243; column_link_target=\u00bb_self\u00bb column_shadow=\u00bbnone\u00bb column_border_radius=\u00bbnone\u00bb width=\u00bb1\/2&#8243; tablet_width_inherit=\u00bbdefault\u00bb tablet_text_alignment=\u00bbdefault\u00bb phone_text_alignment=\u00bbdefault\u00bb column_border_width=\u00bbnone\u00bb column_border_style=\u00bbsolid\u00bb bg_image_animation=\u00bbnone\u00bb][divider line_type=\u00bbNo Line\u00bb custom_height=\u00bb500&#8243;][\/vc_column][\/vc_row]\n","protected":false},"excerpt":{"rendered":"<p>[vc_row type=\u00bbfull_width_content\u00bb full_screen_row_position=\u00bbmiddle\u00bb equal_height=\u00bbyes\u00bb content_placement=\u00bbmiddle\u00bb full_height=\u00bbyes\u00bb columns_placement=\u00bbstretch\u00bb scene_position=\u00bbcenter\u00bb text_color=\u00bbdark\u00bb text_align=\u00bbleft\u00bb id=\u00bbservicios\u00bb overlay_strength=\u00bb0.3&#8243; shape_divider_position=\u00bbbottom\u00bb bg_image_animation=\u00bbnone\u00bb shape_type=\u00bb\u00bb][vc_column column_padding=\u00bbpadding-8-percent\u00bb column_padding_position=\u00bball\u00bb background_color=\u00bb#ffffff\u00bb background_color_opacity=\u00bb1&#8243; background_hover_color_opacity=\u00bb1&#8243; column_link_target=\u00bb_self\u00bb column_shadow=\u00bbnone\u00bb column_border_radius=\u00bbnone\u00bb width=\u00bb1\/2&#8243; tablet_width_inherit=\u00bbdefault\u00bb tablet_text_alignment=\u00bbdefault\u00bb phone_text_alignment=\u00bbdefault\u00bb column_border_width=\u00bbnone\u00bb column_border_style=\u00bbsolid\u00bb bg_image_animation=\u00bbnone\u00bb][vc_custom_heading&#8230;<\/p>\n","protected":false},"author":1,"featured_media":0,"parent":0,"menu_order":0,"comment_status":"closed","ping_status":"closed","template":"","meta":[],"yst_prominent_words":[],"_links":{"self":[{"href":"https:\/\/www.lipilodge.cl\/index.php\/wp-json\/wp\/v2\/pages\/58"}],"collection":[{"href":"https:\/\/www.lipilodge.cl\/index.php\/wp-json\/wp\/v2\/pages"}],"about":[{"href":"https:\/\/www.lipilodge.cl\/index.php\/wp-json\/wp\/v2\/types\/page"}],"author":[{"embeddable":true,"href":"https:\/\/www.lipilodge.cl\/index.php\/wp-json\/wp\/v2\/users\/1"}],"replies":[{"embeddable":true,"href":"https:\/\/www.lipilodge.cl\/index.php\/wp-json\/wp\/v2\/comments?post=58"}],"version-history":[{"count":12,"href":"https:\/\/www.lipilodge.cl\/index.php\/wp-json\/wp\/v2\/pages\/58\/revisions"}],"predecessor-version":[{"id":194,"href":"https:\/\/www.lipilodge.cl\/index.php\/wp-json\/wp\/v2\/pages\/58\/revisions\/194"}],"wp:attachment":[{"href":"https:\/\/www.lipilodge.cl\/index.php\/wp-json\/wp\/v2\/media?parent=58"}],"wp:term":[{"taxonomy":"yst_prominent_words","embeddable":true,"href":"https:\/\/www.lipilodge.cl\/index.php\/wp-json\/wp\/v2\/yst_prominent_words?post=58"}],"curies":[{"name":"wp","href":"https:\/\/api.w.org\/{rel}","templated":true}]}}